{"id":3403,"date":"2019-02-20T20:53:15","date_gmt":"2019-02-20T20:53:15","guid":{"rendered":"https:\/\/pernionlaurinmarkkinat.fi\/?page_id=3403"},"modified":"2026-03-03T18:34:34","modified_gmt":"2026-03-03T18:34:34","slug":"yhteystiedot","status":"publish","type":"page","link":"https:\/\/pernionlaurinmarkkinat.fi\/en\/yhteystiedot\/","title":{"rendered":"Contact"},"content":{"rendered":"<p>[et_pb_section fb_built=&#8221;1&#8243; _builder_version=&#8221;4.16&#8243; custom_padding=&#8221;54px|0px|0|0px|false|false&#8221; global_colors_info=&#8221;{}&#8221;][et_pb_row _builder_version=&#8221;4.16&#8243; custom_padding=&#8221;27px|0px|16px|0px|false|false&#8221; global_colors_info=&#8221;{}&#8221;][et_pb_column type=&#8221;4_4&#8243; _builder_version=&#8221;4.16&#8243; custom_padding=&#8221;|||&#8221; global_colors_info=&#8221;{}&#8221; custom_padding__hover=&#8221;|||&#8221;][et_pb_text _builder_version=&#8221;4.16&#8243; header_font=&#8221;Roboto Condensed|||on|||||&#8221; header_font_size=&#8221;23px&#8221; custom_padding=&#8221;16px|||||&#8221; global_colors_info=&#8221;{}&#8221;]<\/p>\n<h1><strong>PERNI\u00d6N Laurin Markkinat ry (2025)<\/strong><\/h1>\n<p><strong><\/strong><\/p>\n<p><strong>s\u00e4hk\u00f6posti: <a href=\"mailto:pernionlaurinmarkkinat@gmail.com\">pernionlaurinmarkkinat@gmail.com<\/a><\/strong><\/p>\n<p><strong>puhelin:<\/strong><br \/><strong><\/strong><\/p>\n<p><strong><\/strong><\/p>\n<p>[\/et_pb_text][et_pb_text _builder_version=&#8221;4.16&#8243; header_font=&#8221;Roboto Condensed|||on|||||&#8221; header_font_size=&#8221;23px&#8221; custom_padding=&#8221;16px|||||&#8221; global_colors_info=&#8221;{}&#8221;]<\/p>\n<p><span style=\"text-decoration: underline;\"><span style=\"font-size: large;\">\u00a0<strong>Johtoryhm\u00e4:<\/strong><\/span><\/span><br \/><strong><\/strong><\/p>\n<p><strong><\/strong><\/p>\n<p>[\/et_pb_text][\/et_pb_column][\/et_pb_row][\/et_pb_section][et_pb_section fb_built=&#8221;1&#8243; specialty=&#8221;on&#8221; _builder_version=&#8221;4.16&#8243; custom_padding=&#8221;7px|0px|21px|0px|false|false&#8221; global_colors_info=&#8221;{}&#8221;][et_pb_column type=&#8221;1_2&#8243; specialty_columns=&#8221;2&#8243; _builder_version=&#8221;4.16&#8243; custom_padding=&#8221;|||&#8221; global_colors_info=&#8221;{}&#8221; custom_padding__hover=&#8221;|||&#8221;][et_pb_row_inner column_structure=&#8221;1_3,1_3,1_3&#8243; use_custom_gutter=&#8221;on&#8221; gutter_width=&#8221;1&#8243; _builder_version=&#8221;4.16&#8243; global_colors_info=&#8221;{}&#8221;][et_pb_column_inner type=&#8221;1_3&#8243; saved_specialty_column_type=&#8221;1_2&#8243; _builder_version=&#8221;4.16&#8243; custom_padding=&#8221;|||&#8221; global_colors_info=&#8221;{}&#8221; custom_padding__hover=&#8221;|||&#8221;][et_pb_text _builder_version=&#8221;4.27.4&#8243; global_colors_info=&#8221;{}&#8221;]<\/p>\n<p>Puheenjohtaja<\/p>\n<p>[\/et_pb_text][\/et_pb_column_inner][et_pb_column_inner type=&#8221;1_3&#8243; saved_specialty_column_type=&#8221;1_2&#8243; _builder_version=&#8221;4.16&#8243; custom_padding=&#8221;|||&#8221; global_colors_info=&#8221;{}&#8221; custom_padding__hover=&#8221;|||&#8221;][et_pb_text _builder_version=&#8221;4.27.4&#8243; global_colors_info=&#8221;{}&#8221;]<\/p>\n<p>Katihanna Heikkinen<\/p>\n<p>[\/et_pb_text][\/et_pb_column_inner][et_pb_column_inner type=&#8221;1_3&#8243; saved_specialty_column_type=&#8221;1_2&#8243; _builder_version=&#8221;4.16&#8243; custom_padding=&#8221;|||&#8221; global_colors_info=&#8221;{}&#8221; custom_padding__hover=&#8221;|||&#8221;][\/et_pb_column_inner][\/et_pb_row_inner][et_pb_row_inner column_structure=&#8221;1_3,1_3,1_3&#8243; use_custom_gutter=&#8221;on&#8221; gutter_width=&#8221;1&#8243; _builder_version=&#8221;4.16&#8243; global_colors_info=&#8221;{}&#8221;][et_pb_column_inner type=&#8221;1_3&#8243; saved_specialty_column_type=&#8221;1_2&#8243; _builder_version=&#8221;4.16&#8243; custom_padding=&#8221;|||&#8221; global_colors_info=&#8221;{}&#8221; custom_padding__hover=&#8221;|||&#8221;][et_pb_text _builder_version=&#8221;4.27.4&#8243; global_colors_info=&#8221;{}&#8221;]<\/p>\n<p>Varapuheenjohtaja<\/p>\n<p>[\/et_pb_text][et_pb_text _builder_version=&#8221;4.16&#8243; global_colors_info=&#8221;{}&#8221;][\/et_pb_text][\/et_pb_column_inner][et_pb_column_inner type=&#8221;1_3&#8243; saved_specialty_column_type=&#8221;1_2&#8243; _builder_version=&#8221;4.16&#8243; custom_padding=&#8221;|||&#8221; global_colors_info=&#8221;{}&#8221; custom_padding__hover=&#8221;|||&#8221;][et_pb_text _builder_version=&#8221;4.27.4&#8243; global_colors_info=&#8221;{}&#8221;]<\/p>\n<p>Antti Niittynen<\/p>\n<p>[\/et_pb_text][\/et_pb_column_inner][et_pb_column_inner type=&#8221;1_3&#8243; saved_specialty_column_type=&#8221;1_2&#8243; _builder_version=&#8221;4.16&#8243; custom_padding=&#8221;|||&#8221; global_colors_info=&#8221;{}&#8221; custom_padding__hover=&#8221;|||&#8221;][et_pb_text _builder_version=&#8221;4.16&#8243; global_colors_info=&#8221;{}&#8221;][\/et_pb_text][\/et_pb_column_inner][\/et_pb_row_inner][et_pb_row_inner column_structure=&#8221;1_3,1_3,1_3&#8243; use_custom_gutter=&#8221;on&#8221; gutter_width=&#8221;1&#8243; _builder_version=&#8221;4.16&#8243; global_colors_info=&#8221;{}&#8221;][et_pb_column_inner type=&#8221;1_3&#8243; saved_specialty_column_type=&#8221;1_2&#8243; _builder_version=&#8221;4.16&#8243; custom_padding=&#8221;|||&#8221; global_colors_info=&#8221;{}&#8221; custom_padding__hover=&#8221;|||&#8221;][et_pb_text _builder_version=&#8221;4.16&#8243; global_colors_info=&#8221;{}&#8221;]<\/p>\n<p>Rahastonhoitaja\u00a0\u00a0\u00a0\u00a0\u00a0\u00a0\u00a0\u00a0\u00a0\u00a0\u00a0\u00a0\u00a0\u00a0 <\/p>\n<p>[\/et_pb_text][\/et_pb_column_inner][et_pb_column_inner type=&#8221;1_3&#8243; saved_specialty_column_type=&#8221;1_2&#8243; _builder_version=&#8221;4.16&#8243; custom_padding=&#8221;|||&#8221; global_colors_info=&#8221;{}&#8221; custom_padding__hover=&#8221;|||&#8221;][et_pb_text _builder_version=&#8221;4.27.4&#8243; global_colors_info=&#8221;{}&#8221;]<\/p>\n<p>Hanna Sagulin<\/p>\n<p>[\/et_pb_text][\/et_pb_column_inner][et_pb_column_inner type=&#8221;1_3&#8243; saved_specialty_column_type=&#8221;1_2&#8243; _builder_version=&#8221;4.16&#8243; custom_padding=&#8221;|||&#8221; global_colors_info=&#8221;{}&#8221; custom_padding__hover=&#8221;|||&#8221;][\/et_pb_column_inner][\/et_pb_row_inner][et_pb_row_inner column_structure=&#8221;1_3,1_3,1_3&#8243; use_custom_gutter=&#8221;on&#8221; gutter_width=&#8221;1&#8243; _builder_version=&#8221;4.16&#8243; global_colors_info=&#8221;{}&#8221;][et_pb_column_inner type=&#8221;1_3&#8243; saved_specialty_column_type=&#8221;1_2&#8243; _builder_version=&#8221;4.16&#8243; custom_padding=&#8221;|||&#8221; global_colors_info=&#8221;{}&#8221; custom_padding__hover=&#8221;|||&#8221;][et_pb_text _builder_version=&#8221;4.27.4&#8243; global_colors_info=&#8221;{}&#8221;]<\/p>\n<p>Sihteeri<\/p>\n<p>[\/et_pb_text][\/et_pb_column_inner][et_pb_column_inner type=&#8221;1_3&#8243; saved_specialty_column_type=&#8221;1_2&#8243; _builder_version=&#8221;4.16&#8243; custom_padding=&#8221;|||&#8221; global_colors_info=&#8221;{}&#8221; custom_padding__hover=&#8221;|||&#8221;][et_pb_text _builder_version=&#8221;4.27.4&#8243; global_colors_info=&#8221;{}&#8221;]<\/p>\n<p>Heta Sepp\u00e4l\u00e4<\/p>\n<p>[\/et_pb_text][\/et_pb_column_inner][et_pb_column_inner type=&#8221;1_3&#8243; saved_specialty_column_type=&#8221;1_2&#8243; _builder_version=&#8221;4.16&#8243; custom_padding=&#8221;|||&#8221; global_colors_info=&#8221;{}&#8221; custom_padding__hover=&#8221;|||&#8221;][\/et_pb_column_inner][\/et_pb_row_inner][\/et_pb_column][et_pb_column type=&#8221;1_2&#8243; _builder_version=&#8221;4.16&#8243; custom_padding=&#8221;|||&#8221; global_colors_info=&#8221;{}&#8221; custom_padding__hover=&#8221;|||&#8221;][\/et_pb_column][\/et_pb_section][et_pb_section fb_built=&#8221;1&#8243; _builder_version=&#8221;4.16&#8243; custom_padding=&#8221;22px|0px|7px|0px|false|false&#8221; global_colors_info=&#8221;{}&#8221;][et_pb_row _builder_version=&#8221;4.16&#8243; custom_padding=&#8221;27px|0px|1px|0px|false|false&#8221; global_colors_info=&#8221;{}&#8221;][et_pb_column type=&#8221;4_4&#8243; _builder_version=&#8221;4.16&#8243; custom_padding=&#8221;|||&#8221; global_colors_info=&#8221;{}&#8221; custom_padding__hover=&#8221;|||&#8221;][et_pb_divider _builder_version=&#8221;4.16&#8243; global_colors_info=&#8221;{}&#8221;][\/et_pb_divider][\/et_pb_column][\/et_pb_row][\/et_pb_section][et_pb_section fb_built=&#8221;1&#8243; module_id=&#8221;taulukko_koko&#8221; _builder_version=&#8221;4.16&#8243; custom_padding=&#8221;9px|0px|0|0px|false|false&#8221; global_colors_info=&#8221;{}&#8221;][et_pb_row module_id=&#8221;taulukko&#8221; _builder_version=&#8221;4.16&#8243; custom_padding=&#8221;6px|0px|34px|0px|false|false&#8221; global_colors_info=&#8221;{}&#8221;][et_pb_column type=&#8221;4_4&#8243; _builder_version=&#8221;4.16&#8243; custom_padding=&#8221;|||&#8221; global_colors_info=&#8221;{}&#8221; custom_padding__hover=&#8221;|||&#8221;][et_pb_text _builder_version=&#8221;4.27.4&#8243; text_font=&#8221;||||||||&#8221; custom_margin=&#8221;|||0px&#8221; custom_margin_tablet=&#8221;&#8221; custom_margin_phone=&#8221;|||-8px&#8221; custom_margin_last_edited=&#8221;on|phone&#8221; global_colors_info=&#8221;{}&#8221;]<\/p>\n<table style=\"width: 83.3057%; height: 418px;\">\n<tbody>\n<tr style=\"height: 24px;\">\n<td style=\"width: 252px; height: 24px;\"><em><strong>J\u00e4senyhteis\u00f6<\/strong><\/em><\/td>\n<td style=\"width: 28px; height: 24px;\"><em><strong>Edustaja<\/strong><\/em><\/td>\n<td style=\"width: 55.2px; height: 24px;\"><em><strong>Varaedustaja<\/strong><\/em><\/td>\n<\/tr>\n<tr style=\"height: 0px;\">\n<td style=\"width: 252px; height: 0px;\"><\/td>\n<td style=\"width: 28px; height: 0px;\"><\/td>\n<td style=\"width: 55.2px; height: 0px;\"><\/td>\n<\/tr>\n<tr style=\"height: 48px;\">\n<td style=\"width: 252px; height: 48px;\"><span style=\"color: #000000;\"><a href=\"https:\/\/www.facebook.com\/pernionkarjalaiset\/\" target=\"_blank\" rel=\"noopener\" style=\"color: #000000;\" title=\"Linkki Facebook-sivuille\">Perni\u00f6n Karjalaiset ry<\/a><\/span><\/td>\n<td style=\"width: 28px; height: 48px;\"><span style=\"color: #000000;\">Eevi Kotonen<\/span><\/td>\n<td style=\"width: 55.2px; height: 48px;\"><span style=\"color: #000000;\">Risto Korhonen<\/span><\/td>\n<\/tr>\n<tr style=\"height: 48px;\">\n<td style=\"width: 252px; height: 48px;\"><span style=\"color: #000000;\">Perni\u00f6n Keksij\u00e4t ry<\/span><\/td>\n<td style=\"width: 28px; height: 48px;\"><span style=\"color: #000000;\">Hanna Sagulin<\/span><\/td>\n<td style=\"width: 55.2px; height: 48px;\"><span style=\"color: #000000;\">Henrik Sagulin<\/span><\/td>\n<\/tr>\n<tr style=\"height: 48px;\">\n<td style=\"width: 252px; height: 48px;\"><span style=\"color: #000000;\"><a href=\"https:\/\/www.facebook.com\/pesisulentopallo\/\" target=\"_blank\" rel=\"noopener\" style=\"color: #000000;\" title=\"Linkki Facebook-sivuille\">Perni\u00f6n Sisu ry<\/a><\/span><\/td>\n<td style=\"width: 28px; height: 48px;\"><span style=\"color: #000000;\">Arto\u00a0 Villa<\/span><\/td>\n<td style=\"width: 55.2px; height: 48px;\"><span style=\"color: #000000;\">Juhani Vuorisalo<\/span><\/td>\n<\/tr>\n<tr style=\"height: 24px;\">\n<td style=\"width: 252px; height: 24px;\"><a href=\"https:\/\/www.facebook.com\/elpernio\/\" target=\"_blank\" rel=\"noopener\" title=\"Linkki Facebook-sivuille\"><span style=\"color: #000000;\">El\u00e4keliiton Perni\u00f6n yhdistys ry<\/span><\/a><\/td>\n<td style=\"width: 28px; height: 24px;\"><span style=\"color: #000000;\">Tauno Kanerva<\/span><\/td>\n<td style=\"width: 55.2px; height: 24px;\"><span style=\"color: #000000;\">Arto Fagerstr\u00f6m<\/span><\/td>\n<\/tr>\n<tr style=\"height: 48px;\">\n<td style=\"width: 252px; height: 48px;\"><a href=\"https:\/\/www.facebook.com\/profile.php?id=100077468022824\" target=\"_blank\" rel=\"noopener\" title=\"Linkki Facebook-sivuille\"><span style=\"color: #000000;\">Keskustan Perni\u00f6n paikallisyhdistys ry<\/span><\/a><\/td>\n<td style=\"width: 28px; height: 48px;\"><span style=\"color: #000000;\">Antti Niittynen<\/span><\/td>\n<td style=\"width: 55.2px; height: 48px;\"><span style=\"color: #000000;\">Timo Ristolainen<\/span><\/td>\n<\/tr>\n<tr>\n<td style=\"width: 252px;\"><span style=\"color: #000000;\">Perni\u00f6n Nuorisoseura ry<\/span><\/td>\n<td style=\"width: 28px;\"><span style=\"color: #000000;\">Risto Kitula<\/span><\/td>\n<td style=\"width: 55.2px;\"><span style=\"color: #000000;\">Merja Jalava<\/span><\/td>\n<\/tr>\n<tr>\n<td style=\"width: 252px;\"><span style=\"color: #000000;\">Osuuskunta Pro Perni\u00f6<\/span><\/td>\n<td style=\"width: 28px;\"><span style=\"color: #000000;\">Susanna Manelius<\/span><\/td>\n<td style=\"width: 55.2px;\"><span style=\"color: #000000;\">Timo Korpinen<\/span><\/td>\n<\/tr>\n<\/tbody>\n<\/table>\n<p>&nbsp;<\/p>\n<p>&nbsp;<\/p>\n<p>&nbsp;<\/p>\n<p>[\/et_pb_text][et_pb_divider _builder_version=&#8221;4.16&#8243; global_colors_info=&#8221;{}&#8221;][\/et_pb_divider][et_pb_text _builder_version=&#8221;4.27.4&#8243; text_font=&#8221;||||||||&#8221; custom_margin=&#8221;|||0px&#8221; custom_margin_tablet=&#8221;&#8221; custom_margin_phone=&#8221;|||-8px&#8221; custom_margin_last_edited=&#8221;on|phone&#8221; global_colors_info=&#8221;{}&#8221;]<\/p>\n<p>&nbsp;<\/p>\n<table style=\"width: 45.8781%; height: 489px;\">\n<tbody>\n<tr style=\"height: 24px;\">\n<td style=\"width: 57.7197%; height: 24px;\"><em><strong>Hallitus<\/strong><\/em><\/td>\n<td style=\"width: 18.5273%; height: 24px;\"><strong>J\u00e4sen<\/strong><\/td>\n<td style=\"width: 21.3777%; height: 24px;\"><em><strong>Varaj\u00e4sen<\/strong><\/em><\/td>\n<\/tr>\n<tr style=\"height: 0px;\">\n<td style=\"width: 57.7197%; height: 0px;\"><\/td>\n<td style=\"width: 18.5273%; height: 0px;\"><\/td>\n<td style=\"width: 21.3777%; height: 0px;\"><\/td>\n<\/tr>\n<tr style=\"height: 48px;\">\n<td style=\"width: 57.7197%; height: 48px;\">\n<p><span style=\"color: #000000;\">Puheenjohtaja\u00a0<\/span><span style=\"color: #000000;\"><\/span><\/p>\n<\/td>\n<td style=\"width: 18.5273%; height: 48px;\"><span style=\"color: #000000;\">Katihanna Heikkinen<\/span><\/td>\n<td style=\"width: 21.3777%; height: 48px;\"><span style=\"color: #000000;\">Tanja Packal\u00e9n<\/span><\/td>\n<\/tr>\n<tr style=\"height: 48px;\">\n<td style=\"width: 57.7197%; height: 48px;\"><span style=\"color: #000000;\">Varapuheenjohtaja<\/span><\/td>\n<td style=\"width: 18.5273%; height: 48px;\"><span style=\"color: #000000;\">Antti Niittynen<\/span><\/td>\n<td style=\"width: 21.3777%; height: 48px;\"><span style=\"color: #000000;\">Timo Ristolainen<\/span><\/td>\n<\/tr>\n<tr style=\"height: 48px;\">\n<td style=\"width: 57.7197%; height: 48px;\"><span style=\"color: #000000;\">Rahastonhoitaja<\/span><\/td>\n<td style=\"width: 18.5273%; height: 48px;\"><span style=\"color: #000000;\">Hanna Sagulin<\/span><\/td>\n<td style=\"width: 21.3777%; height: 48px;\"><span style=\"color: #000000;\">Henrik Sagulin<\/span><\/td>\n<\/tr>\n<tr style=\"height: 50px;\">\n<td style=\"width: 57.7197%; height: 50px;\"><span style=\"color: #000000;\">Sihteeri<\/span><\/td>\n<td style=\"width: 18.5273%; height: 50px;\"><span style=\"color: #000000;\">Heta Sepp\u00e4l\u00e4<\/span><\/td>\n<td style=\"width: 21.3777%; height: 50px;\"><span style=\"color: #000000;\">\u00a0NN<\/span><\/td>\n<\/tr>\n<tr style=\"height: 50px;\">\n<td style=\"width: 57.7197%; height: 50px;\"><span style=\"color: #000000;\">J\u00e4sen<\/span><\/td>\n<td style=\"width: 18.5273%; height: 50px;\"><span style=\"color: #000000;\">Arto\u00a0 Villa<\/span><\/td>\n<td style=\"width: 21.3777%; height: 50px;\"><span style=\"color: #000000;\">Juhani Vuorisalo<\/span><\/td>\n<\/tr>\n<tr style=\"height: 24px;\">\n<td style=\"width: 57.7197%; height: 24px;\"><span style=\"color: #000000;\">J\u00e4sen<\/span><\/td>\n<td style=\"width: 18.5273%; height: 24px;\"><span style=\"color: #000000;\">Tauno Kanerva<\/span><\/td>\n<td style=\"width: 21.3777%; height: 24px;\"><span style=\"color: #000000;\">Arto Fagerstr\u00f6m<\/span><\/td>\n<\/tr>\n<tr style=\"height: 48px;\">\n<td style=\"width: 57.7197%; height: 48px;\"><span style=\"color: #000000;\">J\u00e4sen<\/span><\/td>\n<td style=\"width: 18.5273%; height: 48px;\"><span style=\"color: #000000;\">Kaino Heino<\/span><\/td>\n<td style=\"width: 21.3777%; height: 48px;\"><span style=\"color: #000000;\">NN<\/span><\/td>\n<\/tr>\n<tr style=\"height: 47px;\">\n<td style=\"width: 57.7197%; height: 47px;\"><span style=\"color: #000000;\">J\u00e4sen<\/span><\/td>\n<td style=\"width: 18.5273%; height: 47px;\"><span style=\"color: #000000;\">Risto Kitula<\/span><\/td>\n<td style=\"width: 21.3777%; height: 47px;\"><span style=\"color: #000000;\">Merja Jalava<\/span><\/td>\n<\/tr>\n<\/tbody>\n<\/table>\n<p>&nbsp;<\/p>\n<p>&nbsp;<\/p>\n<p>[\/et_pb_text][\/et_pb_column][\/et_pb_row][et_pb_row _builder_version=&#8221;4.24.3&#8243; _module_preset=&#8221;5138c454-be54-4233-bd3b-f8e6a8747976&#8243; global_colors_info=&#8221;{}&#8221;][et_pb_column type=&#8221;4_4&#8243; _builder_version=&#8221;4.24.3&#8243; _module_preset=&#8221;73121f80-a3ef-4484-8763-c3f18e3c56d2&#8243; global_colors_info=&#8221;{}&#8221;][et_pb_cta title=&#8221;Yhdistys! Liity yhteis\u00f6\u00f6mme t\u00e4n\u00e4\u00e4n!&#8221; button_url=&#8221;https:\/\/pernionlaurinmarkkinat.fi\/liity-mukaan\/&#8221; button_text=&#8221;Liity Nyt&#8221; _builder_version=&#8221;4.27.4&#8243; _module_preset=&#8221;0cae81ab-7223-4b50-8e71-bfb309c58c86&#8243; header_font=&#8221;Playfair Display|Playfair Display_weight|||||||&#8221; header_font_size=&#8221;50px&#8221; header_line_height=&#8221;1.2em&#8221; body_font=&#8221;Source Sans Pro|Source Sans Pro_weight|||||||&#8221; body_font_size=&#8221;18px&#8221; body_line_height=&#8221;1.75em&#8221; body_link_text_color=&#8221;#FFFFFF&#8221; background_color=&#8221;#22577a&#8221; background_enable_color=&#8221;off&#8221; use_background_color_gradient=&#8221;on&#8221; background_color_gradient_stops=&#8221;rgba(0,0,0,0.75) 0%|rgba(0,0,0,0.75) 100%&#8221; background_color_gradient_overlays_image=&#8221;on&#8221; background_image=&#8221;https:\/\/pernionlaurinmarkkinat.fi\/wp-content\/uploads\/2025\/01\/0-c8918d8a-643c-4959-8fa4-acaacbb713a8-1080&#215;600.jpg&#8221; custom_button=&#8221;on&#8221; button_text_size=&#8221;14px&#8221; button_text_color=&#8221;#FFFFFF&#8221; button_bg_color=&#8221;#E09900&#8243; button_border_width=&#8221;0px&#8221; button_border_radius=&#8221;100px&#8221; button_font=&#8221;Source Sans Pro|700|||||||&#8221; button_custom_padding=&#8221;12px|24px|12px|24px|true|true&#8221; custom_padding=&#8221;5vw|60px|5vw|60px|true|true&#8221; custom_padding_tablet=&#8221;|30px||30px|true|true&#8221; custom_padding_phone=&#8221;|20px||20px|true|true&#8221; custom_padding_last_edited=&#8221;on|desktop&#8221; header_font_size_tablet=&#8221;28px&#8221; header_font_size_phone=&#8221;20px&#8221; header_font_size_last_edited=&#8221;on|phone&#8221; body_font_size_tablet=&#8221;16px&#8221; body_font_size_phone=&#8221;14px&#8221; body_font_size_last_edited=&#8221;on|phone&#8221; border_radii=&#8221;on|6px|6px|6px|6px&#8221; locked=&#8221;off&#8221; global_colors_info=&#8221;{}&#8221; text_font_size_tablet=&#8221;16px&#8221; text_font_size_phone=&#8221;14px&#8221; text_font_size_last_edited=&#8221;on|phone&#8221;]<\/p>\n<p>Oletko valmis olemaan osa Perni\u00f6n Laurin Markkinoiden el\u00e4v\u00e4\u00e4 perinnett\u00e4? Liity yhdistykseemme tai osallistu tuleviin tapahtumiin ja auta meit\u00e4 luomaan unohtumattomia kokemuksia. Yhdess\u00e4 voimme kehitt\u00e4\u00e4 ja rikastuttaa alueemme kulttuuria ja yhteis\u00f6llisyytt\u00e4. \u00c4l\u00e4 j\u00e4\u00e4 sivustakatsojaksi \u2013 tule mukaan ja tee vaikutus!<\/p>\n<p>[\/et_pb_cta][\/et_pb_column][\/et_pb_row][\/et_pb_section]<\/p>\n","protected":false},"excerpt":{"rendered":"<p>PERNI\u00d6N Laurin Markkinat ry (2025) s\u00e4hk\u00f6posti: pernionlaurinmarkkinat@gmail.com puhelin: \u00a0Johtoryhm\u00e4: PuheenjohtajaKatihanna HeikkinenVarapuheenjohtajaAntti NiittynenRahastonhoitaja\u00a0\u00a0\u00a0\u00a0\u00a0\u00a0\u00a0\u00a0\u00a0\u00a0\u00a0\u00a0\u00a0\u00a0 Hanna SagulinSihteeriHeta Sepp\u00e4l\u00e4 J\u00e4senyhteis\u00f6 Edustaja Varaedustaja Perni\u00f6n Karjalaiset ry Eevi Kotonen Risto Korhonen Perni\u00f6n Keksij\u00e4t ry Hanna Sagulin Henrik Sagulin Perni\u00f6n Sisu ry Arto\u00a0 Villa Juhani Vuorisalo El\u00e4keliiton Perni\u00f6n yhdistys ry Tauno Kanerva Arto Fagerstr\u00f6m Keskustan Perni\u00f6n paikallisyhdistys ry Antti Niittynen Timo Ristolainen [&hellip;]<\/p>\n","protected":false},"author":1,"featured_media":0,"parent":0,"menu_order":0,"comment_status":"closed","ping_status":"closed","template":"","meta":{"_et_pb_use_builder":"on","_et_pb_old_content":"","_et_gb_content_width":"","footnotes":""},"class_list":["post-3403","page","type-page","status-publish","hentry"],"yoast_head":"<!-- This site is optimized with the Yoast SEO plugin v27.4 - https:\/\/yoast.com\/product\/yoast-seo-wordpress\/ -->\n<title>Yhteystiedot - Perni&ouml;n Laurin Markkinat<\/title>\n<meta name=\"description\" content=\"Perni\u00f6n Laurin Markkinoiden j\u00e4rjest\u00e4jien ja yhdistyksen j\u00e4senten yhteystiedot l\u00f6yd\u00e4t n\u00e4ilt\u00e4 sivuilta. Tervetuloa markkinoille!\" \/>\n<meta name=\"robots\" content=\"index, follow, max-snippet:-1, max-image-preview:large, max-video-preview:-1\" \/>\n<link rel=\"canonical\" href=\"https:\/\/pernionlaurinmarkkinat.fi\/en\/yhteystiedot\/\" \/>\n<meta property=\"og:locale\" content=\"en_GB\" \/>\n<meta property=\"og:type\" content=\"article\" \/>\n<meta property=\"og:title\" content=\"Yhteystiedot - Perni&ouml;n Laurin Markkinat\" \/>\n<meta property=\"og:description\" content=\"Perni\u00f6n Laurin Markkinoiden j\u00e4rjest\u00e4jien ja yhdistyksen j\u00e4senten yhteystiedot l\u00f6yd\u00e4t n\u00e4ilt\u00e4 sivuilta. Tervetuloa markkinoille!\" \/>\n<meta property=\"og:url\" content=\"https:\/\/pernionlaurinmarkkinat.fi\/en\/yhteystiedot\/\" \/>\n<meta property=\"og:site_name\" content=\"Perni&ouml;n Laurin Markkinat\" \/>\n<meta property=\"article:modified_time\" content=\"2026-03-03T18:34:34+00:00\" \/>\n<meta name=\"twitter:card\" content=\"summary_large_image\" \/>\n<meta name=\"twitter:label1\" content=\"Estimated reading time\" \/>\n\t<meta name=\"twitter:data1\" content=\"1 minute\" \/>\n<script type=\"application\/ld+json\" class=\"yoast-schema-graph\">{\"@context\":\"https:\\\/\\\/schema.org\",\"@graph\":[{\"@type\":\"WebPage\",\"@id\":\"https:\\\/\\\/pernionlaurinmarkkinat.fi\\\/yhteystiedot\\\/\",\"url\":\"https:\\\/\\\/pernionlaurinmarkkinat.fi\\\/yhteystiedot\\\/\",\"name\":\"Yhteystiedot - Perni&ouml;n Laurin Markkinat\",\"isPartOf\":{\"@id\":\"https:\\\/\\\/pernionlaurinmarkkinat.fi\\\/#website\"},\"datePublished\":\"2019-02-20T20:53:15+00:00\",\"dateModified\":\"2026-03-03T18:34:34+00:00\",\"description\":\"Perni\u00f6n Laurin Markkinoiden j\u00e4rjest\u00e4jien ja yhdistyksen j\u00e4senten yhteystiedot l\u00f6yd\u00e4t n\u00e4ilt\u00e4 sivuilta. Tervetuloa markkinoille!\",\"breadcrumb\":{\"@id\":\"https:\\\/\\\/pernionlaurinmarkkinat.fi\\\/yhteystiedot\\\/#breadcrumb\"},\"inLanguage\":\"en-GB\",\"potentialAction\":[{\"@type\":\"ReadAction\",\"target\":[\"https:\\\/\\\/pernionlaurinmarkkinat.fi\\\/yhteystiedot\\\/\"]}]},{\"@type\":\"BreadcrumbList\",\"@id\":\"https:\\\/\\\/pernionlaurinmarkkinat.fi\\\/yhteystiedot\\\/#breadcrumb\",\"itemListElement\":[{\"@type\":\"ListItem\",\"position\":1,\"name\":\"Home\",\"item\":\"https:\\\/\\\/pernionlaurinmarkkinat.fi\\\/\"},{\"@type\":\"ListItem\",\"position\":2,\"name\":\"Yhteystiedot\"}]},{\"@type\":\"WebSite\",\"@id\":\"https:\\\/\\\/pernionlaurinmarkkinat.fi\\\/#website\",\"url\":\"https:\\\/\\\/pernionlaurinmarkkinat.fi\\\/\",\"name\":\"Perni&ouml;n Laurin Markkinat\",\"description\":\"Perni&ouml;n Laurin Markkinoiden kotisivut\",\"potentialAction\":[{\"@type\":\"SearchAction\",\"target\":{\"@type\":\"EntryPoint\",\"urlTemplate\":\"https:\\\/\\\/pernionlaurinmarkkinat.fi\\\/?s={search_term_string}\"},\"query-input\":{\"@type\":\"PropertyValueSpecification\",\"valueRequired\":true,\"valueName\":\"search_term_string\"}}],\"inLanguage\":\"en-GB\"}]}<\/script>\n<!-- \/ Yoast SEO plugin. -->","yoast_head_json":{"title":"Yhteystiedot - Perni&ouml;n Laurin Markkinat","description":"Perni\u00f6n Laurin Markkinoiden j\u00e4rjest\u00e4jien ja yhdistyksen j\u00e4senten yhteystiedot l\u00f6yd\u00e4t n\u00e4ilt\u00e4 sivuilta. Tervetuloa markkinoille!","robots":{"index":"index","follow":"follow","max-snippet":"max-snippet:-1","max-image-preview":"max-image-preview:large","max-video-preview":"max-video-preview:-1"},"canonical":"https:\/\/pernionlaurinmarkkinat.fi\/en\/yhteystiedot\/","og_locale":"en_GB","og_type":"article","og_title":"Yhteystiedot - Perni&ouml;n Laurin Markkinat","og_description":"Perni\u00f6n Laurin Markkinoiden j\u00e4rjest\u00e4jien ja yhdistyksen j\u00e4senten yhteystiedot l\u00f6yd\u00e4t n\u00e4ilt\u00e4 sivuilta. Tervetuloa markkinoille!","og_url":"https:\/\/pernionlaurinmarkkinat.fi\/en\/yhteystiedot\/","og_site_name":"Perni&ouml;n Laurin Markkinat","article_modified_time":"2026-03-03T18:34:34+00:00","twitter_card":"summary_large_image","twitter_misc":{"Estimated reading time":"1 minute"},"schema":{"@context":"https:\/\/schema.org","@graph":[{"@type":"WebPage","@id":"https:\/\/pernionlaurinmarkkinat.fi\/yhteystiedot\/","url":"https:\/\/pernionlaurinmarkkinat.fi\/yhteystiedot\/","name":"Yhteystiedot - Perni&ouml;n Laurin Markkinat","isPartOf":{"@id":"https:\/\/pernionlaurinmarkkinat.fi\/#website"},"datePublished":"2019-02-20T20:53:15+00:00","dateModified":"2026-03-03T18:34:34+00:00","description":"Perni\u00f6n Laurin Markkinoiden j\u00e4rjest\u00e4jien ja yhdistyksen j\u00e4senten yhteystiedot l\u00f6yd\u00e4t n\u00e4ilt\u00e4 sivuilta. Tervetuloa markkinoille!","breadcrumb":{"@id":"https:\/\/pernionlaurinmarkkinat.fi\/yhteystiedot\/#breadcrumb"},"inLanguage":"en-GB","potentialAction":[{"@type":"ReadAction","target":["https:\/\/pernionlaurinmarkkinat.fi\/yhteystiedot\/"]}]},{"@type":"BreadcrumbList","@id":"https:\/\/pernionlaurinmarkkinat.fi\/yhteystiedot\/#breadcrumb","itemListElement":[{"@type":"ListItem","position":1,"name":"Home","item":"https:\/\/pernionlaurinmarkkinat.fi\/"},{"@type":"ListItem","position":2,"name":"Yhteystiedot"}]},{"@type":"WebSite","@id":"https:\/\/pernionlaurinmarkkinat.fi\/#website","url":"https:\/\/pernionlaurinmarkkinat.fi\/","name":"Perni&ouml;n Laurin Markkinat","description":"Perni&ouml;n Laurin Markkinoiden kotisivut","potentialAction":[{"@type":"SearchAction","target":{"@type":"EntryPoint","urlTemplate":"https:\/\/pernionlaurinmarkkinat.fi\/?s={search_term_string}"},"query-input":{"@type":"PropertyValueSpecification","valueRequired":true,"valueName":"search_term_string"}}],"inLanguage":"en-GB"}]}},"_links":{"self":[{"href":"https:\/\/pernionlaurinmarkkinat.fi\/en\/wp-json\/wp\/v2\/pages\/3403","targetHints":{"allow":["GET"]}}],"collection":[{"href":"https:\/\/pernionlaurinmarkkinat.fi\/en\/wp-json\/wp\/v2\/pages"}],"about":[{"href":"https:\/\/pernionlaurinmarkkinat.fi\/en\/wp-json\/wp\/v2\/types\/page"}],"author":[{"embeddable":true,"href":"https:\/\/pernionlaurinmarkkinat.fi\/en\/wp-json\/wp\/v2\/users\/1"}],"replies":[{"embeddable":true,"href":"https:\/\/pernionlaurinmarkkinat.fi\/en\/wp-json\/wp\/v2\/comments?post=3403"}],"version-history":[{"count":96,"href":"https:\/\/pernionlaurinmarkkinat.fi\/en\/wp-json\/wp\/v2\/pages\/3403\/revisions"}],"predecessor-version":[{"id":5336,"href":"https:\/\/pernionlaurinmarkkinat.fi\/en\/wp-json\/wp\/v2\/pages\/3403\/revisions\/5336"}],"wp:attachment":[{"href":"https:\/\/pernionlaurinmarkkinat.fi\/en\/wp-json\/wp\/v2\/media?parent=3403"}],"curies":[{"name":"wp","href":"https:\/\/api.w.org\/{rel}","templated":true}]}}