{"id":4140,"date":"2025-02-27T11:23:05","date_gmt":"2025-02-27T11:23:05","guid":{"rendered":"https:\/\/pernionlaurinmarkkinat.fi\/?page_id=4140"},"modified":"2025-02-27T11:23:08","modified_gmt":"2025-02-27T11:23:08","slug":"palaute-2","status":"publish","type":"page","link":"https:\/\/pernionlaurinmarkkinat.fi\/en\/palaute-2\/","title":{"rendered":"Feedback"},"content":{"rendered":"<p>[et_pb_section fb_built=&#8221;1&#8243; _builder_version=&#8221;4.16&#8243; global_colors_info=&#8221;{}&#8221; theme_builder_area=&#8221;post_content&#8221;][et_pb_row column_structure=&#8221;1_2,1_2&#8243; _builder_version=&#8221;4.16&#8243; background_size=&#8221;initial&#8221; background_position=&#8221;top_left&#8221; background_repeat=&#8221;repeat&#8221; use_custom_width=&#8221;on&#8221; global_colors_info=&#8221;{}&#8221; theme_builder_area=&#8221;post_content&#8221;][et_pb_column type=&#8221;1_2&#8243; _builder_version=&#8221;4.16&#8243; custom_padding=&#8221;|||&#8221; global_colors_info=&#8221;{}&#8221; custom_padding__hover=&#8221;|||&#8221; theme_builder_area=&#8221;post_content&#8221;][et_pb_image src=&#8221;https:\/\/pernionlaurinmarkkinat.fi\/wp-content\/uploads\/2019\/03\/p\u00f6lypussit-tuolit.jpg&#8221; align_tablet=&#8221;center&#8221; align_phone=&#8221;&#8221; align_last_edited=&#8221;on|desktop&#8221; _builder_version=&#8221;4.16&#8243; max_width=&#8221;65%&#8221; custom_padding=&#8221;||&#8221; custom_padding_tablet=&#8221;0px||&#8221; custom_padding_phone=&#8221;&#8221; custom_padding_last_edited=&#8221;on|tablet&#8221; animation=&#8221;off&#8221; global_colors_info=&#8221;{}&#8221; theme_builder_area=&#8221;post_content&#8221;][\/et_pb_image][\/et_pb_column][et_pb_column type=&#8221;1_2&#8243; _builder_version=&#8221;4.16&#8243; custom_padding=&#8221;|||&#8221; global_colors_info=&#8221;{}&#8221; custom_padding__hover=&#8221;|||&#8221; theme_builder_area=&#8221;post_content&#8221;][et_pb_text _builder_version=&#8221;4.27.4&#8243; header_font=&#8221;Roboto Condensed|||on|||||&#8221; header_font_size=&#8221;23px&#8221; global_colors_info=&#8221;{}&#8221; theme_builder_area=&#8221;post_content&#8221;]<\/p>\n<h1>Palautelomake &#8211; Ideoita ja kehityskohteita<\/h1>\n<p>[\/et_pb_text][et_pb_text _builder_version=&#8221;4.27.4&#8243; _module_preset=&#8221;default&#8221; global_colors_info=&#8221;{}&#8221; theme_builder_area=&#8221;post_content&#8221;]<\/p>\n<p>Kaikki palaute tallennetaan ja toteutetaan kun aika siihen on valmis.<\/p>\n<p>[\/et_pb_text][et_pb_contact_form email=&#8221;pernionlaurinmarkkinat@gmail.com&#8221; custom_message=&#8221;Hei!||et_pb_line_break_holder||||et_pb_line_break_holder||Olet saanut palautetta Laurin Markkinoista!||et_pb_line_break_holder||||et_pb_line_break_holder||Palautteen antaja: %%Name%%||et_pb_line_break_holder||Email: %%Email%%||et_pb_line_break_holder||Palaute: %%Message%%&#8221; success_message=&#8221;Kiitos, palautteesi on l\u00e4hetetty!&#8221; admin_label=&#8221;Contact Form&#8221; module_id=&#8221;et_pb_contact_form_0&#8243; _builder_version=&#8221;4.27.4&#8243; _unique_id=&#8221;3d1078b0-0aae-48a8-b1c9-e905247de29b&#8221; form_field_text_color=&#8221;#000000&#8243; title_font=&#8221;Roboto Condensed||||||||&#8221; title_text_color=&#8221;#000000&#8243; title_font_size=&#8221;24px&#8221; title_line_height=&#8221;1.3em&#8221; form_field_font=&#8221;||||||||&#8221; form_field_font_size=&#8221;15px&#8221; custom_button=&#8221;on&#8221; button_text_size=&#8221;16px&#8221; button_text_color=&#8221;#ffffff&#8221; button_bg_color=&#8221;#734bc2&#8243; button_border_width=&#8221;0px&#8221; button_border_radius=&#8221;0px&#8221; button_font=&#8221;Raleway|||on|&#8221; button_use_icon=&#8221;off&#8221; custom_css_contact_title=&#8221;margin-bottom: 15px&#8221; custom_css_contact_button=&#8221;padding: 10px 50px !important;||margin-top: 20px !important;&#8221; custom_css_contact_fields=&#8221;background-color: transparent !important;||border-bottom: 1px solid #734bc2 !important;||padding-left: 0!important;&#8221; custom_css_text_field=&#8221;background-color: transparent !important;||border-bottom: 1px solid #734bc2 !important;||padding-left: 0!important;&#8221; global_colors_info=&#8221;{}&#8221; theme_builder_area=&#8221;post_content&#8221;][et_pb_contact_field field_id=&#8221;Name&#8221; field_title=&#8221;Nimi&#8221; fullwidth_field=&#8221;on&#8221; _builder_version=&#8221;4.16&#8243; global_colors_info=&#8221;{}&#8221; button_text_size__hover_enabled=&#8221;off&#8221; button_one_text_size__hover_enabled=&#8221;off&#8221; button_two_text_size__hover_enabled=&#8221;off&#8221; button_text_color__hover_enabled=&#8221;off&#8221; button_one_text_color__hover_enabled=&#8221;off&#8221; button_two_text_color__hover_enabled=&#8221;off&#8221; button_border_width__hover_enabled=&#8221;off&#8221; button_one_border_width__hover_enabled=&#8221;off&#8221; button_two_border_width__hover_enabled=&#8221;off&#8221; button_border_color__hover_enabled=&#8221;off&#8221; button_one_border_color__hover_enabled=&#8221;off&#8221; button_two_border_color__hover_enabled=&#8221;off&#8221; button_border_radius__hover_enabled=&#8221;off&#8221; button_one_border_radius__hover_enabled=&#8221;off&#8221; button_two_border_radius__hover_enabled=&#8221;off&#8221; button_letter_spacing__hover_enabled=&#8221;off&#8221; button_one_letter_spacing__hover_enabled=&#8221;off&#8221; button_two_letter_spacing__hover_enabled=&#8221;off&#8221; button_bg_color__hover_enabled=&#8221;off&#8221; button_one_bg_color__hover_enabled=&#8221;off&#8221; button_two_bg_color__hover_enabled=&#8221;off&#8221; theme_builder_area=&#8221;post_content&#8221;][\/et_pb_contact_field][et_pb_contact_field field_id=&#8221;Email&#8221; field_title=&#8221;Email&#8221; field_type=&#8221;email&#8221; fullwidth_field=&#8221;on&#8221; _builder_version=&#8221;4.16&#8243; global_colors_info=&#8221;{}&#8221; button_text_size__hover_enabled=&#8221;off&#8221; button_one_text_size__hover_enabled=&#8221;off&#8221; button_two_text_size__hover_enabled=&#8221;off&#8221; button_text_color__hover_enabled=&#8221;off&#8221; button_one_text_color__hover_enabled=&#8221;off&#8221; button_two_text_color__hover_enabled=&#8221;off&#8221; button_border_width__hover_enabled=&#8221;off&#8221; button_one_border_width__hover_enabled=&#8221;off&#8221; button_two_border_width__hover_enabled=&#8221;off&#8221; button_border_color__hover_enabled=&#8221;off&#8221; button_one_border_color__hover_enabled=&#8221;off&#8221; button_two_border_color__hover_enabled=&#8221;off&#8221; button_border_radius__hover_enabled=&#8221;off&#8221; button_one_border_radius__hover_enabled=&#8221;off&#8221; button_two_border_radius__hover_enabled=&#8221;off&#8221; button_letter_spacing__hover_enabled=&#8221;off&#8221; button_one_letter_spacing__hover_enabled=&#8221;off&#8221; button_two_letter_spacing__hover_enabled=&#8221;off&#8221; button_bg_color__hover_enabled=&#8221;off&#8221; button_one_bg_color__hover_enabled=&#8221;off&#8221; button_two_bg_color__hover_enabled=&#8221;off&#8221; theme_builder_area=&#8221;post_content&#8221;][\/et_pb_contact_field][et_pb_contact_field field_id=&#8221;Message&#8221; field_title=&#8221;Viesti&#8221; field_type=&#8221;text&#8221; fullwidth_field=&#8221;on&#8221; _builder_version=&#8221;4.16&#8243; global_colors_info=&#8221;{}&#8221; button_text_size__hover_enabled=&#8221;off&#8221; button_one_text_size__hover_enabled=&#8221;off&#8221; button_two_text_size__hover_enabled=&#8221;off&#8221; button_text_color__hover_enabled=&#8221;off&#8221; button_one_text_color__hover_enabled=&#8221;off&#8221; button_two_text_color__hover_enabled=&#8221;off&#8221; button_border_width__hover_enabled=&#8221;off&#8221; button_one_border_width__hover_enabled=&#8221;off&#8221; button_two_border_width__hover_enabled=&#8221;off&#8221; button_border_color__hover_enabled=&#8221;off&#8221; button_one_border_color__hover_enabled=&#8221;off&#8221; button_two_border_color__hover_enabled=&#8221;off&#8221; button_border_radius__hover_enabled=&#8221;off&#8221; button_one_border_radius__hover_enabled=&#8221;off&#8221; button_two_border_radius__hover_enabled=&#8221;off&#8221; button_letter_spacing__hover_enabled=&#8221;off&#8221; button_one_letter_spacing__hover_enabled=&#8221;off&#8221; button_two_letter_spacing__hover_enabled=&#8221;off&#8221; button_bg_color__hover_enabled=&#8221;off&#8221; button_one_bg_color__hover_enabled=&#8221;off&#8221; button_two_bg_color__hover_enabled=&#8221;off&#8221; theme_builder_area=&#8221;post_content&#8221;][\/et_pb_contact_field][\/et_pb_contact_form][\/et_pb_column][\/et_pb_row][et_pb_row _builder_version=&#8221;4.24.3&#8243; _module_preset=&#8221;5138c454-be54-4233-bd3b-f8e6a8747976&#8243; global_colors_info=&#8221;{}&#8221; theme_builder_area=&#8221;post_content&#8221;][et_pb_column type=&#8221;4_4&#8243; _builder_version=&#8221;4.24.3&#8243; _module_preset=&#8221;73121f80-a3ef-4484-8763-c3f18e3c56d2&#8243; global_colors_info=&#8221;{}&#8221; theme_builder_area=&#8221;post_content&#8221;][et_pb_cta title=&#8221;Yhdistys! Liity yhteis\u00f6\u00f6mme t\u00e4n\u00e4\u00e4n!&#8221; button_url=&#8221;https:\/\/pernionlaurinmarkkinat.fi\/liity-mukaan\/&#8221; button_text=&#8221;Liity Nyt&#8221; _builder_version=&#8221;4.27.4&#8243; _module_preset=&#8221;0cae81ab-7223-4b50-8e71-bfb309c58c86&#8243; header_font=&#8221;Playfair Display|Playfair Display_weight|||||||&#8221; header_font_size=&#8221;50px&#8221; header_line_height=&#8221;1.2em&#8221; body_font=&#8221;Source Sans Pro|Source Sans Pro_weight|||||||&#8221; body_font_size=&#8221;18px&#8221; body_line_height=&#8221;1.75em&#8221; body_link_text_color=&#8221;#FFFFFF&#8221; background_color=&#8221;#22577a&#8221; background_enable_color=&#8221;off&#8221; use_background_color_gradient=&#8221;on&#8221; background_color_gradient_stops=&#8221;rgba(0,0,0,0.75) 0%|rgba(0,0,0,0.75) 100%&#8221; background_color_gradient_overlays_image=&#8221;on&#8221; background_image=&#8221;https:\/\/pernionlaurinmarkkinat.fi\/wp-content\/uploads\/2025\/01\/0-c8918d8a-643c-4959-8fa4-acaacbb713a8-1080&#215;600.jpg&#8221; custom_button=&#8221;on&#8221; button_text_size=&#8221;14px&#8221; button_text_color=&#8221;#FFFFFF&#8221; button_bg_color=&#8221;#E09900&#8243; button_border_width=&#8221;0px&#8221; button_border_radius=&#8221;100px&#8221; button_font=&#8221;Source Sans Pro|700|||||||&#8221; button_custom_padding=&#8221;12px|24px|12px|24px|true|true&#8221; custom_padding=&#8221;5vw|60px|5vw|60px|true|true&#8221; custom_padding_tablet=&#8221;|30px||30px|true|true&#8221; custom_padding_phone=&#8221;|20px||20px|true|true&#8221; custom_padding_last_edited=&#8221;on|desktop&#8221; header_font_size_tablet=&#8221;28px&#8221; header_font_size_phone=&#8221;20px&#8221; header_font_size_last_edited=&#8221;on|phone&#8221; body_font_size_tablet=&#8221;16px&#8221; body_font_size_phone=&#8221;14px&#8221; body_font_size_last_edited=&#8221;on|phone&#8221; border_radii=&#8221;on|6px|6px|6px|6px&#8221; locked=&#8221;off&#8221; global_colors_info=&#8221;{}&#8221; text_font_size_tablet=&#8221;16px&#8221; text_font_size_phone=&#8221;14px&#8221; text_font_size_last_edited=&#8221;on|phone&#8221; theme_builder_area=&#8221;post_content&#8221;]<\/p>\n<p>Oletko valmis olemaan osa Perni\u00f6n Laurin Markkinoiden el\u00e4v\u00e4\u00e4 perinnett\u00e4? Liity yhdistykseemme tai osallistu tuleviin tapahtumiin ja auta meit\u00e4 luomaan unohtumattomia kokemuksia. Yhdess\u00e4 voimme kehitt\u00e4\u00e4 ja rikastuttaa alueemme kulttuuria ja yhteis\u00f6llisyytt\u00e4. \u00c4l\u00e4 j\u00e4\u00e4 sivustakatsojaksi \u2013 tule mukaan ja tee vaikutus!<\/p>\n<p>[\/et_pb_cta][\/et_pb_column][\/et_pb_row][\/et_pb_section]<\/p>\n","protected":false},"excerpt":{"rendered":"<p>Palautelomake &#8211; Ideoita ja kehityskohteitaKaikki palaute tallennetaan ja toteutetaan kun aika siihen on valmis.Oletko valmis olemaan osa Perni\u00f6n Laurin Markkinoiden el\u00e4v\u00e4\u00e4 perinnett\u00e4? Liity yhdistykseemme tai osallistu tuleviin tapahtumiin ja auta meit\u00e4 luomaan unohtumattomia kokemuksia. Yhdess\u00e4 voimme kehitt\u00e4\u00e4 ja rikastuttaa alueemme kulttuuria ja yhteis\u00f6llisyytt\u00e4. \u00c4l\u00e4 j\u00e4\u00e4 sivustakatsojaksi \u2013 tule mukaan ja tee vaikutus!<\/p>","protected":false},"author":4,"featured_media":0,"parent":0,"menu_order":0,"comment_status":"closed","ping_status":"closed","template":"","meta":{"_et_pb_use_builder":"on","_et_pb_old_content":"","_et_gb_content_width":"","footnotes":""},"class_list":["post-4140","page","type-page","status-publish","hentry"],"yoast_head":"<!-- This site is optimized with the Yoast SEO plugin v27.4 - https:\/\/yoast.com\/product\/yoast-seo-wordpress\/ -->\n<title>Palaute - Perni&ouml;n Laurin Markkinat<\/title>\n<meta name=\"robots\" content=\"index, follow, max-snippet:-1, max-image-preview:large, max-video-preview:-1\" \/>\n<link rel=\"canonical\" href=\"https:\/\/pernionlaurinmarkkinat.fi\/en\/palaute-2\/\" \/>\n<meta property=\"og:locale\" content=\"en_GB\" \/>\n<meta property=\"og:type\" content=\"article\" \/>\n<meta property=\"og:title\" content=\"Palaute - Perni&ouml;n Laurin Markkinat\" \/>\n<meta property=\"og:description\" content=\"Palautelomake - Ideoita ja kehityskohteitaKaikki palaute tallennetaan ja toteutetaan kun aika siihen on valmis.Oletko valmis olemaan osa Perni\u00f6n Laurin Markkinoiden el\u00e4v\u00e4\u00e4 perinnett\u00e4? Liity yhdistykseemme tai osallistu tuleviin tapahtumiin ja auta meit\u00e4 luomaan unohtumattomia kokemuksia. Yhdess\u00e4 voimme kehitt\u00e4\u00e4 ja rikastuttaa alueemme kulttuuria ja yhteis\u00f6llisyytt\u00e4. \u00c4l\u00e4 j\u00e4\u00e4 sivustakatsojaksi \u2013 tule mukaan ja tee vaikutus!\" \/>\n<meta property=\"og:url\" content=\"https:\/\/pernionlaurinmarkkinat.fi\/en\/palaute-2\/\" \/>\n<meta property=\"og:site_name\" content=\"Perni&ouml;n Laurin Markkinat\" \/>\n<meta property=\"article:modified_time\" content=\"2025-02-27T11:23:08+00:00\" \/>\n<meta name=\"twitter:card\" content=\"summary_large_image\" \/>\n<meta name=\"twitter:label1\" content=\"Estimated reading time\" \/>\n\t<meta name=\"twitter:data1\" content=\"1 minute\" \/>\n<script type=\"application\/ld+json\" class=\"yoast-schema-graph\">{\"@context\":\"https:\\\/\\\/schema.org\",\"@graph\":[{\"@type\":\"WebPage\",\"@id\":\"https:\\\/\\\/pernionlaurinmarkkinat.fi\\\/palaute-2\\\/\",\"url\":\"https:\\\/\\\/pernionlaurinmarkkinat.fi\\\/palaute-2\\\/\",\"name\":\"Palaute - Perni&ouml;n Laurin Markkinat\",\"isPartOf\":{\"@id\":\"https:\\\/\\\/pernionlaurinmarkkinat.fi\\\/#website\"},\"datePublished\":\"2025-02-27T11:23:05+00:00\",\"dateModified\":\"2025-02-27T11:23:08+00:00\",\"breadcrumb\":{\"@id\":\"https:\\\/\\\/pernionlaurinmarkkinat.fi\\\/palaute-2\\\/#breadcrumb\"},\"inLanguage\":\"en-GB\",\"potentialAction\":[{\"@type\":\"ReadAction\",\"target\":[\"https:\\\/\\\/pernionlaurinmarkkinat.fi\\\/palaute-2\\\/\"]}]},{\"@type\":\"BreadcrumbList\",\"@id\":\"https:\\\/\\\/pernionlaurinmarkkinat.fi\\\/palaute-2\\\/#breadcrumb\",\"itemListElement\":[{\"@type\":\"ListItem\",\"position\":1,\"name\":\"Home\",\"item\":\"https:\\\/\\\/pernionlaurinmarkkinat.fi\\\/\"},{\"@type\":\"ListItem\",\"position\":2,\"name\":\"Palaute\"}]},{\"@type\":\"WebSite\",\"@id\":\"https:\\\/\\\/pernionlaurinmarkkinat.fi\\\/#website\",\"url\":\"https:\\\/\\\/pernionlaurinmarkkinat.fi\\\/\",\"name\":\"Perni&ouml;n Laurin Markkinat\",\"description\":\"Perni&ouml;n Laurin Markkinoiden kotisivut\",\"potentialAction\":[{\"@type\":\"SearchAction\",\"target\":{\"@type\":\"EntryPoint\",\"urlTemplate\":\"https:\\\/\\\/pernionlaurinmarkkinat.fi\\\/?s={search_term_string}\"},\"query-input\":{\"@type\":\"PropertyValueSpecification\",\"valueRequired\":true,\"valueName\":\"search_term_string\"}}],\"inLanguage\":\"en-GB\"}]}<\/script>\n<!-- \/ Yoast SEO plugin. -->","yoast_head_json":{"title":"Palaute - Perni&ouml;n Laurin Markkinat","robots":{"index":"index","follow":"follow","max-snippet":"max-snippet:-1","max-image-preview":"max-image-preview:large","max-video-preview":"max-video-preview:-1"},"canonical":"https:\/\/pernionlaurinmarkkinat.fi\/en\/palaute-2\/","og_locale":"en_GB","og_type":"article","og_title":"Palaute - Perni&ouml;n Laurin Markkinat","og_description":"Palautelomake - Ideoita ja kehityskohteitaKaikki palaute tallennetaan ja toteutetaan kun aika siihen on valmis.Oletko valmis olemaan osa Perni\u00f6n Laurin Markkinoiden el\u00e4v\u00e4\u00e4 perinnett\u00e4? Liity yhdistykseemme tai osallistu tuleviin tapahtumiin ja auta meit\u00e4 luomaan unohtumattomia kokemuksia. Yhdess\u00e4 voimme kehitt\u00e4\u00e4 ja rikastuttaa alueemme kulttuuria ja yhteis\u00f6llisyytt\u00e4. \u00c4l\u00e4 j\u00e4\u00e4 sivustakatsojaksi \u2013 tule mukaan ja tee vaikutus!","og_url":"https:\/\/pernionlaurinmarkkinat.fi\/en\/palaute-2\/","og_site_name":"Perni&ouml;n Laurin Markkinat","article_modified_time":"2025-02-27T11:23:08+00:00","twitter_card":"summary_large_image","twitter_misc":{"Estimated reading time":"1 minute"},"schema":{"@context":"https:\/\/schema.org","@graph":[{"@type":"WebPage","@id":"https:\/\/pernionlaurinmarkkinat.fi\/palaute-2\/","url":"https:\/\/pernionlaurinmarkkinat.fi\/palaute-2\/","name":"Palaute - Perni&ouml;n Laurin Markkinat","isPartOf":{"@id":"https:\/\/pernionlaurinmarkkinat.fi\/#website"},"datePublished":"2025-02-27T11:23:05+00:00","dateModified":"2025-02-27T11:23:08+00:00","breadcrumb":{"@id":"https:\/\/pernionlaurinmarkkinat.fi\/palaute-2\/#breadcrumb"},"inLanguage":"en-GB","potentialAction":[{"@type":"ReadAction","target":["https:\/\/pernionlaurinmarkkinat.fi\/palaute-2\/"]}]},{"@type":"BreadcrumbList","@id":"https:\/\/pernionlaurinmarkkinat.fi\/palaute-2\/#breadcrumb","itemListElement":[{"@type":"ListItem","position":1,"name":"Home","item":"https:\/\/pernionlaurinmarkkinat.fi\/"},{"@type":"ListItem","position":2,"name":"Palaute"}]},{"@type":"WebSite","@id":"https:\/\/pernionlaurinmarkkinat.fi\/#website","url":"https:\/\/pernionlaurinmarkkinat.fi\/","name":"Perni&ouml;n Laurin Markkinat","description":"Perni&ouml;n Laurin Markkinoiden kotisivut","potentialAction":[{"@type":"SearchAction","target":{"@type":"EntryPoint","urlTemplate":"https:\/\/pernionlaurinmarkkinat.fi\/?s={search_term_string}"},"query-input":{"@type":"PropertyValueSpecification","valueRequired":true,"valueName":"search_term_string"}}],"inLanguage":"en-GB"}]}},"_links":{"self":[{"href":"https:\/\/pernionlaurinmarkkinat.fi\/en\/wp-json\/wp\/v2\/pages\/4140","targetHints":{"allow":["GET"]}}],"collection":[{"href":"https:\/\/pernionlaurinmarkkinat.fi\/en\/wp-json\/wp\/v2\/pages"}],"about":[{"href":"https:\/\/pernionlaurinmarkkinat.fi\/en\/wp-json\/wp\/v2\/types\/page"}],"author":[{"embeddable":true,"href":"https:\/\/pernionlaurinmarkkinat.fi\/en\/wp-json\/wp\/v2\/users\/4"}],"replies":[{"embeddable":true,"href":"https:\/\/pernionlaurinmarkkinat.fi\/en\/wp-json\/wp\/v2\/comments?post=4140"}],"version-history":[{"count":2,"href":"https:\/\/pernionlaurinmarkkinat.fi\/en\/wp-json\/wp\/v2\/pages\/4140\/revisions"}],"predecessor-version":[{"id":4144,"href":"https:\/\/pernionlaurinmarkkinat.fi\/en\/wp-json\/wp\/v2\/pages\/4140\/revisions\/4144"}],"wp:attachment":[{"href":"https:\/\/pernionlaurinmarkkinat.fi\/en\/wp-json\/wp\/v2\/media?parent=4140"}],"curies":[{"name":"wp","href":"https:\/\/api.w.org\/{rel}","templated":true}]}}